{"id":357,"date":"2017-06-21T10:45:48","date_gmt":"2017-06-21T08:45:48","guid":{"rendered":"https:\/\/www.oregsam.hu\/dev\/?page_id=357"},"modified":"2023-03-17T14:07:51","modified_gmt":"2023-03-17T13:07:51","slug":"ueber-uns","status":"publish","type":"page","link":"https:\/\/oregsam.hu\/de\/ueber-uns\/","title":{"rendered":"\u00dcber Uns"},"content":{"rendered":"<p>[et_pb_section fb_built=&#8220;1&#8243; _builder_version=&#8220;4.20.0&#8243; background_color=&#8220;#1f1f1f&#8220; use_background_color_gradient=&#8220;on&#8220; background_color_gradient_stops=&#8220;rgba(31,31,31,0.9) 0%|rgba(0,0,0,0.66) 100%&#8220; background_color_gradient_overlays_image=&#8220;on&#8220; background_color_gradient_start=&#8220;rgba(31,31,31,0.9)&#8220; background_color_gradient_end=&#8220;rgba(0,0,0,0.66)&#8220; background_image=&#8220;https:\/\/oregsam.hu\/wp-content\/uploads\/oregsam-galeria-ettermunk-2303-10-1-scaled.jpg&#8220; min_height=&#8220;350px&#8220; custom_margin=&#8220;||||false|false&#8220; custom_padding=&#8220;||||false|false&#8220; bottom_divider_style=&#8220;slant2&#8243; bottom_divider_color=&#8220;#ffffff&#8220; bottom_divider_flip=&#8220;horizontal&#8220; animation_style=&#8220;zoom&#8220; animation_intensity_zoom=&#8220;4%&#8220; locked=&#8220;off&#8220; global_colors_info=&#8220;{}&#8220;][et_pb_row _builder_version=&#8220;4.16&#8243; global_colors_info=&#8220;{}&#8220;][et_pb_column type=&#8220;4_4&#8243; _builder_version=&#8220;4.16&#8243; custom_padding=&#8220;|||&#8220; global_colors_info=&#8220;{}&#8220; custom_padding__hover=&#8220;|||&#8220;][et_pb_text _builder_version=&#8220;4.20.0&#8243; header_font=&#8220;Playfair Display||||||||&#8220; header_text_align=&#8220;center&#8220; header_text_color=&#8220;#ffffff&#8220; header_font_size=&#8220;72px&#8220; header_2_font=&#8220;Playfair Display||||||||&#8220; header_2_text_align=&#8220;center&#8220; header_2_text_color=&#8220;#ffffff&#8220; header_2_font_size=&#8220;24px&#8220; text_orientation=&#8220;center&#8220; hover_enabled=&#8220;0&#8243; header_font_size_tablet=&#8220;72px&#8220; header_font_size_phone=&#8220;38px&#8220; header_font_size_last_edited=&#8220;on|phone&#8220; global_colors_info=&#8220;{}&#8220; sticky_enabled=&#8220;0&#8243;]<\/p>\n<h1>\u00dcber Uns<\/h1>\n<h2>\u00a0<\/h2>\n<p>[\/et_pb_text][\/et_pb_column][\/et_pb_row][\/et_pb_section][et_pb_section fb_built=&#8220;1&#8243; _builder_version=&#8220;4.16&#8243; global_colors_info=&#8220;{}&#8220; locked=&#8220;off&#8220;][et_pb_row _builder_version=&#8220;4.16&#8243; background_size=&#8220;initial&#8220; background_position=&#8220;top_left&#8220; background_repeat=&#8220;repeat&#8220; global_colors_info=&#8220;{}&#8220;][et_pb_column type=&#8220;4_4&#8243; _builder_version=&#8220;4.16&#8243; custom_padding=&#8220;|||&#8220; global_colors_info=&#8220;{}&#8220; custom_padding__hover=&#8220;|||&#8220;][et_pb_button button_url=&#8220;#bottom&#8220; button_text=&#8220;Einmal hatte einen Traum&#8230; viele haben schon sowas gesagt, und ich war einer von denen, der ihre Tr\u00e4ume nicht vergisst, sondern mit schwieriger Kampf erreicht.&#8220; button_alignment=&#8220;center&#8220; admin_label=&#8220;2 690 Ft&#8220; _builder_version=&#8220;4.20.0&#8243; custom_button=&#8220;on&#8220; button_text_color=&#8220;#b40000&#8243; button_bg_color=&#8220;#FFFFFF&#8220; button_border_width=&#8220;2px&#8220; button_border_color=&#8220;#b40000&#8243; button_use_icon=&#8220;off&#8220; button_rel=&#8220;||on||off&#8220; background_layout=&#8220;dark&#8220; hover_enabled=&#8220;0&#8243; box_shadow_style=&#8220;preset4&#8243; box_shadow_horizontal=&#8220;4px&#8220; box_shadow_vertical=&#8220;4px&#8220; locked=&#8220;off&#8220; global_colors_info=&#8220;{}&#8220; sticky_enabled=&#8220;0&#8243;][\/et_pb_button][\/et_pb_column][\/et_pb_row][et_pb_row _builder_version=&#8220;4.20.0&#8243; _module_preset=&#8220;default&#8220; global_colors_info=&#8220;{}&#8220;][et_pb_column type=&#8220;4_4&#8243; _builder_version=&#8220;4.20.0&#8243; _module_preset=&#8220;default&#8220; global_colors_info=&#8220;{}&#8220;][et_pb_text _builder_version=&#8220;4.20.0&#8243; _module_preset=&#8220;default&#8220; hover_enabled=&#8220;0&#8243; global_colors_info=&#8220;{}&#8220; sticky_enabled=&#8220;0&#8243;]<\/p>\n<p>Ich wollte einen Lokal. Ein echtes Lokal. wo man gern immer wieder kommt, was man nicht vergisst.<\/p>\n<p>Zu Gasronomie-Beruf braucht man eine Menge Wissen. Viele Menschen k\u00f6nnen sich ein sch\u00f6nes Restaurant bauen, kochen sehr gut, f\u00fcr Kunden wettbewerbsf\u00e4hige Preise bieten, aber viele haben irgendwie jemand vergessen: der Gast. Und f\u00fcr den Gast sind alle diese Dinge wichtig.<\/p>\n<p>Ich habe sowas gesucht. ich wollte immer schon sowas haben.<\/p>\n<p>Zuerst als Gast und sp\u00e4ter als Gastgeber.<\/p>\n<p>Das Restaurant wurde im Jahr 2003 gegr\u00fcndet, und wurde nicht zuf\u00e4llig mein Lieblingslokal. Das Team war von Anfang an so, was ich mir gew\u00fcnscht habe. Maraz Miklos und sein Team haben etwas erreicht, worauf ich sehr stolz bin, und von der Grundgedanke sollte man gar nicht \u00e4ndern: der Gast ist das wichtigste.<\/p>\n<p>[\/et_pb_text][\/et_pb_column][\/et_pb_row][et_pb_row _builder_version=&#8220;4.16&#8243; locked=&#8220;off&#8220; global_colors_info=&#8220;{}&#8220;][et_pb_column type=&#8220;4_4&#8243; _builder_version=&#8220;4.16&#8243; global_colors_info=&#8220;{}&#8220;][et_pb_gallery gallery_ids=&#8220;83088,83090,83092,83094,83096,83098,83100,83102,83104,83106,83108,83110&#8243; posts_number=&#8220;50&#8243; show_title_and_caption=&#8220;off&#8220; show_pagination=&#8220;off&#8220; _builder_version=&#8220;4.20.0&#8243; custom_margin=&#8220;-20px||||false|false&#8220; custom_padding=&#8220;||||false|false&#8220; custom_css_gallery_item=&#8220;width: 33.33% !important;||margin: 0 !important;||padding: 2px !important;||clear: none !important;&#8220; global_colors_info=&#8220;{}&#8220; custom_css_gallery_item_last_edited=&#8220;on|phone&#8220; custom_css_gallery_item_tablet=&#8220;width: 50% !important;||margin: 0 !important;||clear: none !important;&#8220; custom_css_gallery_item_phone=&#8220;width: 100% !important;||margin: 0 !important;||clear: none !important;&#8220;][\/et_pb_gallery][\/et_pb_column][\/et_pb_row][et_pb_row _builder_version=&#8220;4.20.0&#8243; _module_preset=&#8220;default&#8220; global_colors_info=&#8220;{}&#8220;][et_pb_column type=&#8220;4_4&#8243; _builder_version=&#8220;4.20.0&#8243; _module_preset=&#8220;default&#8220; global_colors_info=&#8220;{}&#8220;][et_pb_text _builder_version=&#8220;4.20.0&#8243; _module_preset=&#8220;default&#8220; hover_enabled=&#8220;0&#8243; global_colors_info=&#8220;{}&#8220; sticky_enabled=&#8220;0&#8243;]<\/p>\n<p>Es ist kein Geheimnis: ich bin kein Gastronom. Ich bin ein \u201eGastgeber\u201d, der ein landesweites Netzwerk mit Fenster und T\u00fcren-Kette aufgebaut hat, so sehe ich sicherlich eine Menge anderer Dinge, wovon das Restaurant profitieren wird. Was ich nicht wei\u00df, wissen meine Kollegen, worauf ich sehr stolz bin. Es z\u00e4hlt nur eins: Sie haben eine gute Zeit bei uns, erz\u00e4hlen Sie von Ihren Erfahrungen und Sie kommen zur\u00fcck!<\/p>\n<p>Ich denke, ein Traum schafft Gemeinschaft und so wird von Gedanke Philosophie, was die Eigent\u00fcmer, Mitarbeiter und G\u00e4ste verbindet.<\/p>\n<p>[\/et_pb_text][\/et_pb_column][\/et_pb_row][et_pb_row _builder_version=&#8220;4.16&#8243; background_size=&#8220;initial&#8220; background_position=&#8220;top_left&#8220; background_repeat=&#8220;repeat&#8220; global_colors_info=&#8220;{}&#8220;][et_pb_column type=&#8220;4_4&#8243; _builder_version=&#8220;4.16&#8243; custom_padding=&#8220;|||&#8220; global_colors_info=&#8220;{}&#8220; custom_padding__hover=&#8220;|||&#8220;][et_pb_button button_url=&#8220;#bottom&#8220; button_text=&#8220;Seien Sie mein Gast!&#8220; button_alignment=&#8220;center&#8220; admin_label=&#8220;2 690 Ft&#8220; _builder_version=&#8220;4.20.0&#8243; custom_button=&#8220;on&#8220; button_text_color=&#8220;#b40000&#8243; button_bg_color=&#8220;#FFFFFF&#8220; button_border_width=&#8220;2px&#8220; button_border_color=&#8220;#b40000&#8243; button_use_icon=&#8220;off&#8220; button_rel=&#8220;||on||off&#8220; background_layout=&#8220;dark&#8220; custom_margin=&#8220;||5px||false|false&#8220; custom_padding=&#8220;||||false|false&#8220; hover_enabled=&#8220;0&#8243; box_shadow_style=&#8220;preset4&#8243; box_shadow_horizontal=&#8220;4px&#8220; box_shadow_vertical=&#8220;4px&#8220; locked=&#8220;off&#8220; global_colors_info=&#8220;{}&#8220; sticky_enabled=&#8220;0&#8243;][\/et_pb_button][et_pb_text _builder_version=&#8220;4.20.0&#8243; _module_preset=&#8220;default&#8220; global_colors_info=&#8220;{}&#8220;]<\/p>\n<p style=\"text-align: center;\"><em>Rapport Tam\u00e1s<\/em><\/p>\n<p>[\/et_pb_text][\/et_pb_column][\/et_pb_row][et_pb_row _builder_version=&#8220;4.16&#8243; _module_preset=&#8220;default&#8220; global_colors_info=&#8220;{}&#8220;][et_pb_column type=&#8220;4_4&#8243; _builder_version=&#8220;4.16&#8243; _module_preset=&#8220;default&#8220; global_colors_info=&#8220;{}&#8220;][et_pb_gallery gallery_ids=&#8220;83128,83130,83132,83112,83134,83114,83116,83118,83120,83122,83124,83126&#8243; posts_number=&#8220;50&#8243; show_title_and_caption=&#8220;off&#8220; show_pagination=&#8220;off&#8220; _builder_version=&#8220;4.20.0&#8243; custom_margin=&#8220;||-10px||false|false&#8220; custom_css_gallery_item=&#8220;width: 33.33% !important;||margin: 0 !important;||padding: 2px !important;||clear: none !important;&#8220; locked=&#8220;off&#8220; global_colors_info=&#8220;{}&#8220; custom_css_gallery_item_last_edited=&#8220;on|phone&#8220; custom_css_gallery_item_tablet=&#8220;width: 50% !important;||margin: 0 !important;||clear: none !important;&#8220; custom_css_gallery_item_phone=&#8220;width: 100% !important;||margin: 0 !important;||clear: none !important;&#8220;][\/et_pb_gallery][\/et_pb_column][\/et_pb_row][\/et_pb_section]<\/p>\n","protected":false},"excerpt":{"rendered":"<p>\u00dcber Uns \u00a0Ich wollte einen Lokal. Ein echtes Lokal. wo man gern immer wieder kommt, was man nicht vergisst. Zu Gasronomie-Beruf braucht man eine Menge Wissen. Viele Menschen k\u00f6nnen sich ein sch\u00f6nes Restaurant bauen, kochen sehr gut, f\u00fcr Kunden wettbewerbsf\u00e4hige Preise bieten, aber viele haben irgendwie jemand vergessen: der Gast. Und f\u00fcr den Gast sind [&hellip;]<\/p>\n","protected":false},"author":3,"featured_media":0,"parent":0,"menu_order":0,"comment_status":"closed","ping_status":"closed","template":"","meta":{"_et_pb_use_builder":"on","_et_pb_old_content":"<img class=\"alignright wp-image-372 size-medium\" src=\"https:\/\/oregsam.hu\/dev\/wp-content\/uploads\/oregsam-13-225x150.jpg\" alt=\"\" width=\"225\" height=\"150\" \/>\r\n\r\nEinmal hatte einen Traum... viele haben schon sowas gesagt, und ich war einer von denen, der ihre Tr\u00e4ume nicht vergisst, sondern mit schwieriger Kampf erreicht.\r\n\r\nIch wollte einen Lokal. Ein echtes Lokal. wo man gern immer wieder kommt, was man nicht vergisst.\r\n\r\nZu Gasronomie-Beruf braucht man eine Menge Wissen. Viele Menschen k\u00f6nnen sich ein sch\u00f6nes Restaurant bauen, kochen sehr gut, f\u00fcr Kunden wettbewerbsf\u00e4hige Preise bieten, aber viele haben irgendwie jemand vergessen: der Gast. Und f\u00fcr den Gast sind alle diese Dinge wichtig.\r\n\r\nIch habe sowas gesucht. ich wollte immer schon sowas haben.\r\n\r\nZuerst als Gast und sp\u00e4ter als Gastgeber.\r\n\r\nDas Restaurant wurde im Jahr 2003 gegr\u00fcndet, und wurde nicht zuf\u00e4llig mein Lieblingslokal. Das Team war von Anfang an so, was ich mir gew\u00fcnscht habe. Maraz Miklos und sein Team haben etwas erreicht, worauf ich sehr stolz bin, und von der Grundgedanke sollte man gar nicht \u00e4ndern: der Gast ist das wichtigste.\r\n\r\nEs ist kein Geheimnis: ich bin kein Gastronom. Ich bin ein \u201eGastgeber\u201d, der ein landesweites Netzwerk mit Fenster und T\u00fcren-Kette aufgebaut hat, so sehe ich sicherlich eine Menge anderer Dinge, wovon das Restaurant profitieren wird. Was ich nicht wei\u00df, wissen meine Kollegen, worauf ich sehr stolz bin. Es z\u00e4hlt nur eins: Sie haben eine gute Zeit bei uns, erz\u00e4hlen Sie von Ihren Erfahrungen und Sie kommen zur\u00fcck!\r\n\r\n\u00a0\r\n\r\nIch denke, ein Traum schafft Gemeinschaft und so wird von Gedanke Philosophie, was die Eigent\u00fcmer, Mitarbeiter und G\u00e4ste verbindet.\r\n\r\nSeien Sie mein Gast!","_et_gb_content_width":"","footnotes":""},"class_list":["post-357","page","type-page","status-publish","hentry"],"yoast_head":"<!-- This site is optimized with the Yoast SEO plugin v27.5 - https:\/\/yoast.com\/product\/yoast-seo-wordpress\/ -->\n<title>\u00dcber Uns - \u00d6regsam \u00c9tterem<\/title>\n<meta name=\"robots\" content=\"index, follow, max-snippet:-1, max-image-preview:large, max-video-preview:-1\" \/>\n<link rel=\"canonical\" href=\"https:\/\/oregsam.hu\/de\/ueber-uns\/\" \/>\n<meta property=\"og:locale\" content=\"de_DE\" \/>\n<meta property=\"og:type\" content=\"article\" \/>\n<meta property=\"og:title\" content=\"\u00dcber Uns - \u00d6regsam \u00c9tterem\" \/>\n<meta property=\"og:description\" content=\"\u00dcber Uns \u00a0Ich wollte einen Lokal. Ein echtes Lokal. wo man gern immer wieder kommt, was man nicht vergisst. Zu Gasronomie-Beruf braucht man eine Menge Wissen. Viele Menschen k\u00f6nnen sich ein sch\u00f6nes Restaurant bauen, kochen sehr gut, f\u00fcr Kunden wettbewerbsf\u00e4hige Preise bieten, aber viele haben irgendwie jemand vergessen: der Gast. Und f\u00fcr den Gast sind [&hellip;]\" \/>\n<meta property=\"og:url\" content=\"https:\/\/oregsam.hu\/de\/ueber-uns\/\" \/>\n<meta property=\"og:site_name\" content=\"\u00d6regsam \u00c9tterem\" \/>\n<meta property=\"article:modified_time\" content=\"2023-03-17T13:07:51+00:00\" \/>\n<meta name=\"twitter:card\" content=\"summary_large_image\" \/>\n<meta name=\"twitter:label1\" content=\"Gesch\u00e4tzte Lesezeit\" \/>\n\t<meta name=\"twitter:data1\" content=\"2\u00a0Minuten\" \/>\n<script type=\"application\/ld+json\" class=\"yoast-schema-graph\">{\"@context\":\"https:\\\/\\\/schema.org\",\"@graph\":[{\"@type\":\"WebPage\",\"@id\":\"https:\\\/\\\/oregsam.hu\\\/de\\\/ueber-uns\\\/\",\"url\":\"https:\\\/\\\/oregsam.hu\\\/de\\\/ueber-uns\\\/\",\"name\":\"\u00dcber Uns - \u00d6regsam \u00c9tterem\",\"isPartOf\":{\"@id\":\"https:\\\/\\\/oregsam.hu\\\/#website\"},\"datePublished\":\"2017-06-21T08:45:48+00:00\",\"dateModified\":\"2023-03-17T13:07:51+00:00\",\"breadcrumb\":{\"@id\":\"https:\\\/\\\/oregsam.hu\\\/de\\\/ueber-uns\\\/#breadcrumb\"},\"inLanguage\":\"de\",\"potentialAction\":[{\"@type\":\"ReadAction\",\"target\":[\"https:\\\/\\\/oregsam.hu\\\/de\\\/ueber-uns\\\/\"]}]},{\"@type\":\"BreadcrumbList\",\"@id\":\"https:\\\/\\\/oregsam.hu\\\/de\\\/ueber-uns\\\/#breadcrumb\",\"itemListElement\":[{\"@type\":\"ListItem\",\"position\":1,\"name\":\"Home\",\"item\":\"https:\\\/\\\/oregsam.hu\\\/de\\\/\"},{\"@type\":\"ListItem\",\"position\":2,\"name\":\"\u00dcber Uns\"}]},{\"@type\":\"WebSite\",\"@id\":\"https:\\\/\\\/oregsam.hu\\\/#website\",\"url\":\"https:\\\/\\\/oregsam.hu\\\/\",\"name\":\"\u00d6regsam \u00c9tterem\",\"description\":\"\",\"potentialAction\":[{\"@type\":\"SearchAction\",\"target\":{\"@type\":\"EntryPoint\",\"urlTemplate\":\"https:\\\/\\\/oregsam.hu\\\/?s={search_term_string}\"},\"query-input\":{\"@type\":\"PropertyValueSpecification\",\"valueRequired\":true,\"valueName\":\"search_term_string\"}}],\"inLanguage\":\"de\"}]}<\/script>\n<!-- \/ Yoast SEO plugin. -->","yoast_head_json":{"title":"\u00dcber Uns - \u00d6regsam \u00c9tterem","robots":{"index":"index","follow":"follow","max-snippet":"max-snippet:-1","max-image-preview":"max-image-preview:large","max-video-preview":"max-video-preview:-1"},"canonical":"https:\/\/oregsam.hu\/de\/ueber-uns\/","og_locale":"de_DE","og_type":"article","og_title":"\u00dcber Uns - \u00d6regsam \u00c9tterem","og_description":"\u00dcber Uns \u00a0Ich wollte einen Lokal. Ein echtes Lokal. wo man gern immer wieder kommt, was man nicht vergisst. Zu Gasronomie-Beruf braucht man eine Menge Wissen. Viele Menschen k\u00f6nnen sich ein sch\u00f6nes Restaurant bauen, kochen sehr gut, f\u00fcr Kunden wettbewerbsf\u00e4hige Preise bieten, aber viele haben irgendwie jemand vergessen: der Gast. Und f\u00fcr den Gast sind [&hellip;]","og_url":"https:\/\/oregsam.hu\/de\/ueber-uns\/","og_site_name":"\u00d6regsam \u00c9tterem","article_modified_time":"2023-03-17T13:07:51+00:00","twitter_card":"summary_large_image","twitter_misc":{"Gesch\u00e4tzte Lesezeit":"2\u00a0Minuten"},"schema":{"@context":"https:\/\/schema.org","@graph":[{"@type":"WebPage","@id":"https:\/\/oregsam.hu\/de\/ueber-uns\/","url":"https:\/\/oregsam.hu\/de\/ueber-uns\/","name":"\u00dcber Uns - \u00d6regsam \u00c9tterem","isPartOf":{"@id":"https:\/\/oregsam.hu\/#website"},"datePublished":"2017-06-21T08:45:48+00:00","dateModified":"2023-03-17T13:07:51+00:00","breadcrumb":{"@id":"https:\/\/oregsam.hu\/de\/ueber-uns\/#breadcrumb"},"inLanguage":"de","potentialAction":[{"@type":"ReadAction","target":["https:\/\/oregsam.hu\/de\/ueber-uns\/"]}]},{"@type":"BreadcrumbList","@id":"https:\/\/oregsam.hu\/de\/ueber-uns\/#breadcrumb","itemListElement":[{"@type":"ListItem","position":1,"name":"Home","item":"https:\/\/oregsam.hu\/de\/"},{"@type":"ListItem","position":2,"name":"\u00dcber Uns"}]},{"@type":"WebSite","@id":"https:\/\/oregsam.hu\/#website","url":"https:\/\/oregsam.hu\/","name":"\u00d6regsam \u00c9tterem","description":"","potentialAction":[{"@type":"SearchAction","target":{"@type":"EntryPoint","urlTemplate":"https:\/\/oregsam.hu\/?s={search_term_string}"},"query-input":{"@type":"PropertyValueSpecification","valueRequired":true,"valueName":"search_term_string"}}],"inLanguage":"de"}]}},"_links":{"self":[{"href":"https:\/\/oregsam.hu\/de\/wp-json\/wp\/v2\/pages\/357","targetHints":{"allow":["GET"]}}],"collection":[{"href":"https:\/\/oregsam.hu\/de\/wp-json\/wp\/v2\/pages"}],"about":[{"href":"https:\/\/oregsam.hu\/de\/wp-json\/wp\/v2\/types\/page"}],"author":[{"embeddable":true,"href":"https:\/\/oregsam.hu\/de\/wp-json\/wp\/v2\/users\/3"}],"replies":[{"embeddable":true,"href":"https:\/\/oregsam.hu\/de\/wp-json\/wp\/v2\/comments?post=357"}],"version-history":[{"count":1,"href":"https:\/\/oregsam.hu\/de\/wp-json\/wp\/v2\/pages\/357\/revisions"}],"predecessor-version":[{"id":83776,"href":"https:\/\/oregsam.hu\/de\/wp-json\/wp\/v2\/pages\/357\/revisions\/83776"}],"wp:attachment":[{"href":"https:\/\/oregsam.hu\/de\/wp-json\/wp\/v2\/media?parent=357"}],"curies":[{"name":"wp","href":"https:\/\/api.w.org\/{rel}","templated":true}]}}