{"id":400,"date":"2016-04-19T08:15:10","date_gmt":"2016-04-19T08:15:10","guid":{"rendered":"https:\/\/www.oregsam.hu\/dev\/kapcsolat\/"},"modified":"2021-05-11T08:52:10","modified_gmt":"2021-05-11T06:52:10","slug":"kapcsolat","status":"publish","type":"page","link":"https:\/\/oregsam.hu\/de\/kapcsolat\/","title":{"rendered":"Kontakt"},"content":{"rendered":"<h4>\u00d6reg Sam Restaurant<\/h4>\n<ul>\n<li><strong>C\u00edm:<\/strong>\u00a09700 Szombathely, Gagarin u. 14.<\/li>\n<li><strong>Mobil:<\/strong>\u00a0+3620 400 5000<\/li>\n<li><strong>E-mail:<\/strong>\u00a0<a href=\"mailto:info@oregsam.hu\">info@oregsam.hu<\/a><\/li>\n<\/ul>\n<p>&nbsp;<\/p>\n<h3>\u00d6ffnungszeiten:<\/h3>\n<table border=\"0\" cellspacing=\"10\" cellpadding=\"5\">\n<tbody>\n<tr>\n<td><\/td>\n<td><strong>06.01 &#8211; 08.31<\/strong><\/td>\n<td><strong>09.01 &#8211; 05.31.<\/strong><\/td>\n<\/tr>\n<tr>\n<td><strong>Montag &#8211; Donnerstag<\/strong><\/td>\n<td>11:00 &#8211; 22:00<\/td>\n<td>11:00 &#8211; 22:00<\/td>\n<\/tr>\n<tr>\n<td><strong>Freitag &#8211; Samstag<\/strong><\/td>\n<td>11:00 &#8211; 22:00<\/td>\n<td>11:00 &#8211; 22:00<\/td>\n<\/tr>\n<tr>\n<td><strong>Sonntag<\/strong><\/td>\n<td>12:00-14:30<\/td>\n<td>12:00-14:30<\/td>\n<\/tr>\n<\/tbody>\n<\/table>\n<div id=\"pageDescription\" class=\"content\">\n<div class=\"googlemap\"><iframe loading=\"lazy\" src=\"https:\/\/maps.google.hu\/maps?q=,Magyarorsz\u00e1g,Szombathely,Gagarin \u00fat 14. a&amp;hnear=Szombathely&amp;z=13&amp;output=embed\" width=\"100%\" height=\"240\"><\/iframe><\/div>\n<\/div>\n","protected":false},"excerpt":{"rendered":"<p>\u00d6reg Sam Restaurant C\u00edm:\u00a09700 Szombathely, Gagarin u. 14. Mobil:\u00a0+3620 400 5000 E-mail:\u00a0info@oregsam.hu &nbsp; \u00d6ffnungszeiten: 06.01 &#8211; 08.31 09.01 &#8211; 05.31. Montag &#8211; Donnerstag 11:00 &#8211; 22:00 11:00 &#8211; 22:00 Freitag &#8211; Samstag 11:00 &#8211; 22:00 11:00 &#8211; 22:00 Sonntag 12:00-14:30 12:00-14:30<\/p>\n","protected":false},"author":3,"featured_media":0,"parent":0,"menu_order":0,"comment_status":"closed","ping_status":"closed","template":"","meta":{"_et_pb_use_builder":"","_et_pb_old_content":"","_et_gb_content_width":"","footnotes":""},"class_list":["post-400","page","type-page","status-publish","hentry"],"yoast_head":"<!-- This site is optimized with the Yoast SEO plugin v27.5 - https:\/\/yoast.com\/product\/yoast-seo-wordpress\/ -->\n<title>Kontakt - \u00d6regsam \u00c9tterem<\/title>\n<meta name=\"robots\" content=\"index, follow, max-snippet:-1, max-image-preview:large, max-video-preview:-1\" \/>\n<link rel=\"canonical\" href=\"https:\/\/oregsam.hu\/de\/kapcsolat\/\" \/>\n<meta property=\"og:locale\" content=\"de_DE\" \/>\n<meta property=\"og:type\" content=\"article\" \/>\n<meta property=\"og:title\" content=\"Kontakt - \u00d6regsam \u00c9tterem\" \/>\n<meta property=\"og:description\" content=\"\u00d6reg Sam Restaurant C\u00edm:\u00a09700 Szombathely, Gagarin u. 14. Mobil:\u00a0+3620 400 5000 E-mail:\u00a0info@oregsam.hu &nbsp; \u00d6ffnungszeiten: 06.01 &#8211; 08.31 09.01 &#8211; 05.31. Montag &#8211; Donnerstag 11:00 &#8211; 22:00 11:00 &#8211; 22:00 Freitag &#8211; Samstag 11:00 &#8211; 22:00 11:00 &#8211; 22:00 Sonntag 12:00-14:30 12:00-14:30\" \/>\n<meta property=\"og:url\" content=\"https:\/\/oregsam.hu\/de\/kapcsolat\/\" \/>\n<meta property=\"og:site_name\" content=\"\u00d6regsam \u00c9tterem\" \/>\n<meta property=\"article:modified_time\" content=\"2021-05-11T06:52:10+00:00\" \/>\n<meta name=\"twitter:card\" content=\"summary_large_image\" \/>\n<script type=\"application\/ld+json\" class=\"yoast-schema-graph\">{\"@context\":\"https:\\\/\\\/schema.org\",\"@graph\":[{\"@type\":\"WebPage\",\"@id\":\"https:\\\/\\\/oregsam.hu\\\/de\\\/kapcsolat\\\/\",\"url\":\"https:\\\/\\\/oregsam.hu\\\/de\\\/kapcsolat\\\/\",\"name\":\"Kontakt - \u00d6regsam \u00c9tterem\",\"isPartOf\":{\"@id\":\"https:\\\/\\\/oregsam.hu\\\/#website\"},\"datePublished\":\"2016-04-19T08:15:10+00:00\",\"dateModified\":\"2021-05-11T06:52:10+00:00\",\"breadcrumb\":{\"@id\":\"https:\\\/\\\/oregsam.hu\\\/de\\\/kapcsolat\\\/#breadcrumb\"},\"inLanguage\":\"de\",\"potentialAction\":[{\"@type\":\"ReadAction\",\"target\":[\"https:\\\/\\\/oregsam.hu\\\/de\\\/kapcsolat\\\/\"]}]},{\"@type\":\"BreadcrumbList\",\"@id\":\"https:\\\/\\\/oregsam.hu\\\/de\\\/kapcsolat\\\/#breadcrumb\",\"itemListElement\":[{\"@type\":\"ListItem\",\"position\":1,\"name\":\"Home\",\"item\":\"https:\\\/\\\/oregsam.hu\\\/de\\\/\"},{\"@type\":\"ListItem\",\"position\":2,\"name\":\"Kontakt\"}]},{\"@type\":\"WebSite\",\"@id\":\"https:\\\/\\\/oregsam.hu\\\/#website\",\"url\":\"https:\\\/\\\/oregsam.hu\\\/\",\"name\":\"\u00d6regsam \u00c9tterem\",\"description\":\"\",\"potentialAction\":[{\"@type\":\"SearchAction\",\"target\":{\"@type\":\"EntryPoint\",\"urlTemplate\":\"https:\\\/\\\/oregsam.hu\\\/?s={search_term_string}\"},\"query-input\":{\"@type\":\"PropertyValueSpecification\",\"valueRequired\":true,\"valueName\":\"search_term_string\"}}],\"inLanguage\":\"de\"}]}<\/script>\n<!-- \/ Yoast SEO plugin. -->","yoast_head_json":{"title":"Kontakt - \u00d6regsam \u00c9tterem","robots":{"index":"index","follow":"follow","max-snippet":"max-snippet:-1","max-image-preview":"max-image-preview:large","max-video-preview":"max-video-preview:-1"},"canonical":"https:\/\/oregsam.hu\/de\/kapcsolat\/","og_locale":"de_DE","og_type":"article","og_title":"Kontakt - \u00d6regsam \u00c9tterem","og_description":"\u00d6reg Sam Restaurant C\u00edm:\u00a09700 Szombathely, Gagarin u. 14. Mobil:\u00a0+3620 400 5000 E-mail:\u00a0info@oregsam.hu &nbsp; \u00d6ffnungszeiten: 06.01 &#8211; 08.31 09.01 &#8211; 05.31. Montag &#8211; Donnerstag 11:00 &#8211; 22:00 11:00 &#8211; 22:00 Freitag &#8211; Samstag 11:00 &#8211; 22:00 11:00 &#8211; 22:00 Sonntag 12:00-14:30 12:00-14:30","og_url":"https:\/\/oregsam.hu\/de\/kapcsolat\/","og_site_name":"\u00d6regsam \u00c9tterem","article_modified_time":"2021-05-11T06:52:10+00:00","twitter_card":"summary_large_image","schema":{"@context":"https:\/\/schema.org","@graph":[{"@type":"WebPage","@id":"https:\/\/oregsam.hu\/de\/kapcsolat\/","url":"https:\/\/oregsam.hu\/de\/kapcsolat\/","name":"Kontakt - \u00d6regsam \u00c9tterem","isPartOf":{"@id":"https:\/\/oregsam.hu\/#website"},"datePublished":"2016-04-19T08:15:10+00:00","dateModified":"2021-05-11T06:52:10+00:00","breadcrumb":{"@id":"https:\/\/oregsam.hu\/de\/kapcsolat\/#breadcrumb"},"inLanguage":"de","potentialAction":[{"@type":"ReadAction","target":["https:\/\/oregsam.hu\/de\/kapcsolat\/"]}]},{"@type":"BreadcrumbList","@id":"https:\/\/oregsam.hu\/de\/kapcsolat\/#breadcrumb","itemListElement":[{"@type":"ListItem","position":1,"name":"Home","item":"https:\/\/oregsam.hu\/de\/"},{"@type":"ListItem","position":2,"name":"Kontakt"}]},{"@type":"WebSite","@id":"https:\/\/oregsam.hu\/#website","url":"https:\/\/oregsam.hu\/","name":"\u00d6regsam \u00c9tterem","description":"","potentialAction":[{"@type":"SearchAction","target":{"@type":"EntryPoint","urlTemplate":"https:\/\/oregsam.hu\/?s={search_term_string}"},"query-input":{"@type":"PropertyValueSpecification","valueRequired":true,"valueName":"search_term_string"}}],"inLanguage":"de"}]}},"_links":{"self":[{"href":"https:\/\/oregsam.hu\/de\/wp-json\/wp\/v2\/pages\/400","targetHints":{"allow":["GET"]}}],"collection":[{"href":"https:\/\/oregsam.hu\/de\/wp-json\/wp\/v2\/pages"}],"about":[{"href":"https:\/\/oregsam.hu\/de\/wp-json\/wp\/v2\/types\/page"}],"author":[{"embeddable":true,"href":"https:\/\/oregsam.hu\/de\/wp-json\/wp\/v2\/users\/3"}],"replies":[{"embeddable":true,"href":"https:\/\/oregsam.hu\/de\/wp-json\/wp\/v2\/comments?post=400"}],"version-history":[{"count":0,"href":"https:\/\/oregsam.hu\/de\/wp-json\/wp\/v2\/pages\/400\/revisions"}],"wp:attachment":[{"href":"https:\/\/oregsam.hu\/de\/wp-json\/wp\/v2\/media?parent=400"}],"curies":[{"name":"wp","href":"https:\/\/api.w.org\/{rel}","templated":true}]}}