{"id":79310,"date":"2022-12-22T09:00:39","date_gmt":"2022-12-22T08:00:39","guid":{"rendered":"https:\/\/oregsam.hu\/team\/"},"modified":"2023-03-17T14:13:38","modified_gmt":"2023-03-17T13:13:38","slug":"team","status":"publish","type":"page","link":"https:\/\/oregsam.hu\/de\/team\/","title":{"rendered":"Team"},"content":{"rendered":"<p>[et_pb_section fb_built=&#8220;1&#8243; _builder_version=&#8220;4.20.0&#8243; background_color=&#8220;#1f1f1f&#8220; use_background_color_gradient=&#8220;on&#8220; background_color_gradient_stops=&#8220;rgba(31,31,31,0.9) 0%|rgba(0,0,0,0.66) 100%&#8220; background_color_gradient_overlays_image=&#8220;on&#8220; background_color_gradient_start=&#8220;rgba(31,31,31,0.9)&#8220; background_color_gradient_end=&#8220;rgba(0,0,0,0.66)&#8220; background_image=&#8220;https:\/\/oregsam.hu\/wp-content\/uploads\/oregsam-galeria-fogasaink-fokep-scaled.jpg&#8220; min_height=&#8220;350px&#8220; custom_margin=&#8220;||||false|false&#8220; custom_padding=&#8220;||||false|false&#8220; bottom_divider_style=&#8220;slant2&#8243; bottom_divider_color=&#8220;#ffffff&#8220; bottom_divider_flip=&#8220;horizontal&#8220; animation_style=&#8220;zoom&#8220; animation_intensity_zoom=&#8220;4%&#8220; locked=&#8220;off&#8220; global_colors_info=&#8220;{}&#8220; theme_builder_area=&#8220;post_content&#8220;][et_pb_row _builder_version=&#8220;4.16&#8243; global_colors_info=&#8220;{}&#8220; theme_builder_area=&#8220;post_content&#8220;][et_pb_column type=&#8220;4_4&#8243; _builder_version=&#8220;4.16&#8243; custom_padding=&#8220;|||&#8220; global_colors_info=&#8220;{}&#8220; custom_padding__hover=&#8220;|||&#8220; theme_builder_area=&#8220;post_content&#8220;][et_pb_text _builder_version=&#8220;4.20.0&#8243; text_text_color=&#8220;#B3B3B3&#8243; header_font=&#8220;Playfair Display||||||||&#8220; header_text_align=&#8220;center&#8220; header_text_color=&#8220;#ffffff&#8220; header_font_size=&#8220;72px&#8220; header_2_font=&#8220;Playfair Display||||||||&#8220; header_2_text_align=&#8220;center&#8220; header_2_text_color=&#8220;#ffffff&#8220; header_2_font_size=&#8220;24px&#8220; text_orientation=&#8220;center&#8220; hover_enabled=&#8220;0&#8243; global_colors_info=&#8220;{}&#8220; theme_builder_area=&#8220;post_content&#8220; sticky_enabled=&#8220;0&#8243;]<\/p>\n<h1>Team<\/h1>\n<p>&nbsp;<\/p>\n<h2>\u00a0<\/h2>\n<p>[\/et_pb_text][\/et_pb_column][\/et_pb_row][\/et_pb_section][et_pb_section fb_built=&#8220;1&#8243; _builder_version=&#8220;4.19.4&#8243; _module_preset=&#8220;default&#8220; custom_margin=&#8220;-3px|||||&#8220; global_colors_info=&#8220;{}&#8220; locked=&#8220;off&#8220; theme_builder_area=&#8220;post_content&#8220;][et_pb_row column_structure=&#8220;1_4,1_4,1_4,1_4&#8243; _builder_version=&#8220;4.19.4&#8243; _module_preset=&#8220;default&#8220; global_colors_info=&#8220;{}&#8220; theme_builder_area=&#8220;post_content&#8220;][et_pb_column type=&#8220;1_4&#8243; _builder_version=&#8220;4.16&#8243; _module_preset=&#8220;default&#8220; global_colors_info=&#8220;{}&#8220; theme_builder_area=&#8220;post_content&#8220;][et_pb_image src=&#8220;https:\/\/oregsam.hu\/wp-content\/uploads\/oregsam-galeria-team-emil-1-scaled.jpg&#8220; alt=&#8220;\u00d6reg Sam team | Emil&#8220; title_text=&#8220;\u00d6reg Sam team | Emil&#8220; show_in_lightbox=&#8220;on&#8220; _builder_version=&#8220;4.20.0&#8243; _module_preset=&#8220;default&#8220; border_radii=&#8220;on|10px|10px|10px|10px&#8220; border_width_all=&#8220;4px&#8220; border_color_all=&#8220;#E02B20&#8243; global_colors_info=&#8220;{}&#8220; theme_builder_area=&#8220;post_content&#8220;][\/et_pb_image][et_pb_text _builder_version=&#8220;4.20.0&#8243; _module_preset=&#8220;default&#8220; header_3_text_color=&#8220;#FFFFFF&#8220; background_color=&#8220;#E02B20&#8243; width=&#8220;40%&#8220; module_alignment=&#8220;center&#8220; custom_padding=&#8220;10px||||false|false&#8220; border_radii=&#8220;on|6px|6px|6px|6px&#8220; box_shadow_style=&#8220;preset6&#8243; global_colors_info=&#8220;{}&#8220; theme_builder_area=&#8220;post_content&#8220;]<\/p>\n<h3 style=\"text-align: center;\">Emil<\/h3>\n<p>[\/et_pb_text][\/et_pb_column][et_pb_column type=&#8220;1_4&#8243; _builder_version=&#8220;4.16&#8243; _module_preset=&#8220;default&#8220; global_colors_info=&#8220;{}&#8220; theme_builder_area=&#8220;post_content&#8220;][et_pb_image src=&#8220;https:\/\/oregsam.hu\/wp-content\/uploads\/oregsam-galeria-team-lori-1-scaled.jpg&#8220; alt=&#8220;\u00d6reg Sam team | L\u00f3ri&#8220; title_text=&#8220;\u00d6reg Sam team | L\u00f3ri&#8220; show_in_lightbox=&#8220;on&#8220; _builder_version=&#8220;4.20.0&#8243; _module_preset=&#8220;default&#8220; border_radii=&#8220;on|10px|10px|10px|10px&#8220; border_width_all=&#8220;4px&#8220; border_color_all=&#8220;#E02B20&#8243; global_colors_info=&#8220;{}&#8220; theme_builder_area=&#8220;post_content&#8220;][\/et_pb_image][et_pb_text _builder_version=&#8220;4.19.4&#8243; _module_preset=&#8220;default&#8220; header_3_text_color=&#8220;#FFFFFF&#8220; background_color=&#8220;#E02B20&#8243; width=&#8220;40%&#8220; module_alignment=&#8220;center&#8220; custom_padding=&#8220;10px||||false|false&#8220; border_radii=&#8220;on|6px|6px|6px|6px&#8220; box_shadow_style=&#8220;preset6&#8243; global_colors_info=&#8220;{}&#8220; theme_builder_area=&#8220;post_content&#8220;]<\/p>\n<h3 style=\"text-align: center;\">L\u00f3ri<\/h3>\n<p>[\/et_pb_text][\/et_pb_column][et_pb_column type=&#8220;1_4&#8243; _builder_version=&#8220;4.16&#8243; _module_preset=&#8220;default&#8220; global_colors_info=&#8220;{}&#8220; theme_builder_area=&#8220;post_content&#8220;][et_pb_image src=&#8220;https:\/\/oregsam.hu\/wp-content\/uploads\/oregsam-galeria-team-tomika-1-scaled.jpg&#8220; alt=&#8220;\u00d6reg Sam team | Tomi&#8220; title_text=&#8220;\u00d6reg Sam team | Tomi&#8220; show_in_lightbox=&#8220;on&#8220; _builder_version=&#8220;4.20.0&#8243; _module_preset=&#8220;default&#8220; border_radii=&#8220;on|10px|10px|10px|10px&#8220; border_width_all=&#8220;4px&#8220; border_color_all=&#8220;#E02B20&#8243; global_colors_info=&#8220;{}&#8220; theme_builder_area=&#8220;post_content&#8220;][\/et_pb_image][et_pb_text _builder_version=&#8220;4.19.4&#8243; _module_preset=&#8220;default&#8220; header_3_text_color=&#8220;#FFFFFF&#8220; background_color=&#8220;#E02B20&#8243; width=&#8220;40%&#8220; module_alignment=&#8220;center&#8220; custom_padding=&#8220;10px||||false|false&#8220; border_radii=&#8220;on|6px|6px|6px|6px&#8220; box_shadow_style=&#8220;preset6&#8243; global_colors_info=&#8220;{}&#8220; theme_builder_area=&#8220;post_content&#8220;]<\/p>\n<h3 style=\"text-align: center;\">Tomika<\/h3>\n<p>[\/et_pb_text][\/et_pb_column][et_pb_column type=&#8220;1_4&#8243; _builder_version=&#8220;4.16&#8243; _module_preset=&#8220;default&#8220; global_colors_info=&#8220;{}&#8220; theme_builder_area=&#8220;post_content&#8220;][et_pb_image src=&#8220;https:\/\/oregsam.hu\/wp-content\/uploads\/oregsam-galeria-team-zoli-scaled.jpg&#8220; alt=&#8220;\u00d6reg Sam team | Zoli&#8220; title_text=&#8220;\u00d6reg Sam team | Zoli&#8220; show_in_lightbox=&#8220;on&#8220; _builder_version=&#8220;4.20.0&#8243; _module_preset=&#8220;default&#8220; border_radii=&#8220;on|10px|10px|10px|10px&#8220; border_width_all=&#8220;4px&#8220; border_color_all=&#8220;#E02B20&#8243; global_colors_info=&#8220;{}&#8220; theme_builder_area=&#8220;post_content&#8220;][\/et_pb_image][et_pb_text _builder_version=&#8220;4.20.0&#8243; _module_preset=&#8220;default&#8220; header_3_text_color=&#8220;#FFFFFF&#8220; background_color=&#8220;#E02B20&#8243; width=&#8220;40%&#8220; module_alignment=&#8220;center&#8220; custom_padding=&#8220;10px||||false|false&#8220; border_radii=&#8220;on|6px|6px|6px|6px&#8220; box_shadow_style=&#8220;preset6&#8243; global_colors_info=&#8220;{}&#8220; theme_builder_area=&#8220;post_content&#8220;]<\/p>\n<h3 style=\"text-align: center;\">Zoli<\/h3>\n<p>[\/et_pb_text][\/et_pb_column][\/et_pb_row][\/et_pb_section]<\/p>\n","protected":false},"excerpt":{"rendered":"<p>Team &nbsp; \u00a0EmilL\u00f3riTomikaZoli<\/p>\n","protected":false},"author":7,"featured_media":0,"parent":0,"menu_order":0,"comment_status":"closed","ping_status":"closed","template":"","meta":{"_et_pb_use_builder":"on","_et_pb_old_content":"","_et_gb_content_width":"","footnotes":""},"class_list":["post-79310","page","type-page","status-publish","hentry"],"yoast_head":"<!-- This site is optimized with the Yoast SEO plugin v27.5 - https:\/\/yoast.com\/product\/yoast-seo-wordpress\/ -->\n<title>Team - \u00d6regsam \u00c9tterem<\/title>\n<meta name=\"robots\" content=\"index, follow, max-snippet:-1, max-image-preview:large, max-video-preview:-1\" \/>\n<link rel=\"canonical\" href=\"https:\/\/oregsam.hu\/de\/team\/\" \/>\n<meta property=\"og:locale\" content=\"de_DE\" \/>\n<meta property=\"og:type\" content=\"article\" \/>\n<meta property=\"og:title\" content=\"Team - \u00d6regsam \u00c9tterem\" \/>\n<meta property=\"og:description\" content=\"Team &nbsp; \u00a0EmilL\u00f3riTomikaZoli\" \/>\n<meta property=\"og:url\" content=\"https:\/\/oregsam.hu\/de\/team\/\" \/>\n<meta property=\"og:site_name\" content=\"\u00d6regsam \u00c9tterem\" \/>\n<meta property=\"article:modified_time\" content=\"2023-03-17T13:13:38+00:00\" \/>\n<meta name=\"twitter:card\" content=\"summary_large_image\" \/>\n<meta name=\"twitter:label1\" content=\"Gesch\u00e4tzte Lesezeit\" \/>\n\t<meta name=\"twitter:data1\" content=\"1\u00a0Minute\" \/>\n<script type=\"application\/ld+json\" class=\"yoast-schema-graph\">{\"@context\":\"https:\\\/\\\/schema.org\",\"@graph\":[{\"@type\":\"WebPage\",\"@id\":\"https:\\\/\\\/oregsam.hu\\\/de\\\/team\\\/\",\"url\":\"https:\\\/\\\/oregsam.hu\\\/de\\\/team\\\/\",\"name\":\"Team - \u00d6regsam \u00c9tterem\",\"isPartOf\":{\"@id\":\"https:\\\/\\\/oregsam.hu\\\/#website\"},\"datePublished\":\"2022-12-22T08:00:39+00:00\",\"dateModified\":\"2023-03-17T13:13:38+00:00\",\"breadcrumb\":{\"@id\":\"https:\\\/\\\/oregsam.hu\\\/de\\\/team\\\/#breadcrumb\"},\"inLanguage\":\"de\",\"potentialAction\":[{\"@type\":\"ReadAction\",\"target\":[\"https:\\\/\\\/oregsam.hu\\\/de\\\/team\\\/\"]}]},{\"@type\":\"BreadcrumbList\",\"@id\":\"https:\\\/\\\/oregsam.hu\\\/de\\\/team\\\/#breadcrumb\",\"itemListElement\":[{\"@type\":\"ListItem\",\"position\":1,\"name\":\"Home\",\"item\":\"https:\\\/\\\/oregsam.hu\\\/de\\\/\"},{\"@type\":\"ListItem\",\"position\":2,\"name\":\"Team\"}]},{\"@type\":\"WebSite\",\"@id\":\"https:\\\/\\\/oregsam.hu\\\/#website\",\"url\":\"https:\\\/\\\/oregsam.hu\\\/\",\"name\":\"\u00d6regsam \u00c9tterem\",\"description\":\"\",\"potentialAction\":[{\"@type\":\"SearchAction\",\"target\":{\"@type\":\"EntryPoint\",\"urlTemplate\":\"https:\\\/\\\/oregsam.hu\\\/?s={search_term_string}\"},\"query-input\":{\"@type\":\"PropertyValueSpecification\",\"valueRequired\":true,\"valueName\":\"search_term_string\"}}],\"inLanguage\":\"de\"}]}<\/script>\n<!-- \/ Yoast SEO plugin. -->","yoast_head_json":{"title":"Team - \u00d6regsam \u00c9tterem","robots":{"index":"index","follow":"follow","max-snippet":"max-snippet:-1","max-image-preview":"max-image-preview:large","max-video-preview":"max-video-preview:-1"},"canonical":"https:\/\/oregsam.hu\/de\/team\/","og_locale":"de_DE","og_type":"article","og_title":"Team - \u00d6regsam \u00c9tterem","og_description":"Team &nbsp; \u00a0EmilL\u00f3riTomikaZoli","og_url":"https:\/\/oregsam.hu\/de\/team\/","og_site_name":"\u00d6regsam \u00c9tterem","article_modified_time":"2023-03-17T13:13:38+00:00","twitter_card":"summary_large_image","twitter_misc":{"Gesch\u00e4tzte Lesezeit":"1\u00a0Minute"},"schema":{"@context":"https:\/\/schema.org","@graph":[{"@type":"WebPage","@id":"https:\/\/oregsam.hu\/de\/team\/","url":"https:\/\/oregsam.hu\/de\/team\/","name":"Team - \u00d6regsam \u00c9tterem","isPartOf":{"@id":"https:\/\/oregsam.hu\/#website"},"datePublished":"2022-12-22T08:00:39+00:00","dateModified":"2023-03-17T13:13:38+00:00","breadcrumb":{"@id":"https:\/\/oregsam.hu\/de\/team\/#breadcrumb"},"inLanguage":"de","potentialAction":[{"@type":"ReadAction","target":["https:\/\/oregsam.hu\/de\/team\/"]}]},{"@type":"BreadcrumbList","@id":"https:\/\/oregsam.hu\/de\/team\/#breadcrumb","itemListElement":[{"@type":"ListItem","position":1,"name":"Home","item":"https:\/\/oregsam.hu\/de\/"},{"@type":"ListItem","position":2,"name":"Team"}]},{"@type":"WebSite","@id":"https:\/\/oregsam.hu\/#website","url":"https:\/\/oregsam.hu\/","name":"\u00d6regsam \u00c9tterem","description":"","potentialAction":[{"@type":"SearchAction","target":{"@type":"EntryPoint","urlTemplate":"https:\/\/oregsam.hu\/?s={search_term_string}"},"query-input":{"@type":"PropertyValueSpecification","valueRequired":true,"valueName":"search_term_string"}}],"inLanguage":"de"}]}},"_links":{"self":[{"href":"https:\/\/oregsam.hu\/de\/wp-json\/wp\/v2\/pages\/79310","targetHints":{"allow":["GET"]}}],"collection":[{"href":"https:\/\/oregsam.hu\/de\/wp-json\/wp\/v2\/pages"}],"about":[{"href":"https:\/\/oregsam.hu\/de\/wp-json\/wp\/v2\/types\/page"}],"author":[{"embeddable":true,"href":"https:\/\/oregsam.hu\/de\/wp-json\/wp\/v2\/users\/7"}],"replies":[{"embeddable":true,"href":"https:\/\/oregsam.hu\/de\/wp-json\/wp\/v2\/comments?post=79310"}],"version-history":[{"count":2,"href":"https:\/\/oregsam.hu\/de\/wp-json\/wp\/v2\/pages\/79310\/revisions"}],"predecessor-version":[{"id":83779,"href":"https:\/\/oregsam.hu\/de\/wp-json\/wp\/v2\/pages\/79310\/revisions\/83779"}],"wp:attachment":[{"href":"https:\/\/oregsam.hu\/de\/wp-json\/wp\/v2\/media?parent=79310"}],"curies":[{"name":"wp","href":"https:\/\/api.w.org\/{rel}","templated":true}]}}