{"id":82958,"date":"2017-06-21T10:22:47","date_gmt":"2017-06-21T08:22:47","guid":{"rendered":"https:\/\/dev.oregsam.hu\/impresszum\/"},"modified":"2023-03-22T13:33:03","modified_gmt":"2023-03-22T12:33:03","slug":"impresszum","status":"publish","type":"page","link":"https:\/\/oregsam.hu\/de\/impresszum\/","title":{"rendered":"Impresszum"},"content":{"rendered":"<p><strong>\u00d6reg Sam \u00e9tterem<\/strong><\/p>\n<p><strong>\u00dczemeltet\u0151:<\/strong><\/p>\n<p>Old Eye Kft.<\/p>\n<p><strong>El\u00e9rhet\u0151s\u00e9geink, adatok:<\/strong><\/p>\n<p>Sz\u00e9khely: 9700 Szombathely, Gagarin u. 14.<br \/>\nAd\u00f3sz\u00e1m: 25743115-2-18<br \/>\nC\u00e9gjegyz\u00e9ksz\u00e1m: 18-09-113004<\/p>\n<p>Vezetve a Szombathelyi T\u00f6rv\u00e9nysz\u00e9k C\u00e9gb\u00edr\u00f3s\u00e1ga nyilv\u00e1ntart\u00e1s\u00e1ban.<br \/>\n(9700 Szombathely, Pet\u0151fi S. u. 1\/a., Tel.: +36 21 2000 587, E-mail c\u00edm:\u00a0birosag@vas-birosag.hu<\/p>\n<p>Telefonsz\u00e1m:\u00a0<a href=\"tel: +36204005000\">+36 20 400 5000<\/a><br \/>\nWebc\u00edm: https:\/\/oregsam.hu\/<br \/>\nE-mail c\u00edm:\u00a0<a href=\"mailto:info@oregsam.hu\">info@oregsam.hu<\/a><\/p>\n","protected":false},"excerpt":{"rendered":"<p>\u00d6reg Sam \u00e9tterem \u00dczemeltet\u0151: Old Eye Kft. El\u00e9rhet\u0151s\u00e9geink, adatok: Sz\u00e9khely: 9700 Szombathely, Gagarin u. 14. Ad\u00f3sz\u00e1m: 25743115-2-18 C\u00e9gjegyz\u00e9ksz\u00e1m: 18-09-113004 Vezetve a Szombathelyi T\u00f6rv\u00e9nysz\u00e9k C\u00e9gb\u00edr\u00f3s\u00e1ga nyilv\u00e1ntart\u00e1s\u00e1ban. (9700 Szombathely, Pet\u0151fi S. u. 1\/a., Tel.: +36 21 2000 587, E-mail c\u00edm:\u00a0birosag@vas-birosag.hu Telefonsz\u00e1m:\u00a0+36 20 400 5000 Webc\u00edm: https:\/\/oregsam.hu\/ E-mail c\u00edm:\u00a0info@oregsam.hu<\/p>\n","protected":false},"author":3,"featured_media":0,"parent":0,"menu_order":0,"comment_status":"closed","ping_status":"closed","template":"","meta":{"_et_pb_use_builder":"","_et_pb_old_content":"","_et_gb_content_width":"","footnotes":""},"class_list":["post-82958","page","type-page","status-publish","hentry"],"yoast_head":"<!-- This site is optimized with the Yoast SEO plugin v27.5 - https:\/\/yoast.com\/product\/yoast-seo-wordpress\/ -->\n<title>Impresszum - \u00d6regsam \u00c9tterem<\/title>\n<meta name=\"robots\" content=\"index, follow, max-snippet:-1, max-image-preview:large, max-video-preview:-1\" \/>\n<link rel=\"canonical\" href=\"https:\/\/oregsam.hu\/de\/impresszum\/\" \/>\n<meta property=\"og:locale\" content=\"de_DE\" \/>\n<meta property=\"og:type\" content=\"article\" \/>\n<meta property=\"og:title\" content=\"Impresszum - \u00d6regsam \u00c9tterem\" \/>\n<meta property=\"og:description\" content=\"\u00d6reg Sam \u00e9tterem \u00dczemeltet\u0151: Old Eye Kft. El\u00e9rhet\u0151s\u00e9geink, adatok: Sz\u00e9khely: 9700 Szombathely, Gagarin u. 14. Ad\u00f3sz\u00e1m: 25743115-2-18 C\u00e9gjegyz\u00e9ksz\u00e1m: 18-09-113004 Vezetve a Szombathelyi T\u00f6rv\u00e9nysz\u00e9k C\u00e9gb\u00edr\u00f3s\u00e1ga nyilv\u00e1ntart\u00e1s\u00e1ban. (9700 Szombathely, Pet\u0151fi S. u. 1\/a., Tel.: +36 21 2000 587, E-mail c\u00edm:\u00a0birosag@vas-birosag.hu Telefonsz\u00e1m:\u00a0+36 20 400 5000 Webc\u00edm: https:\/\/oregsam.hu\/ E-mail c\u00edm:\u00a0info@oregsam.hu\" \/>\n<meta property=\"og:url\" content=\"https:\/\/oregsam.hu\/de\/impresszum\/\" \/>\n<meta property=\"og:site_name\" content=\"\u00d6regsam \u00c9tterem\" \/>\n<meta property=\"article:modified_time\" content=\"2023-03-22T12:33:03+00:00\" \/>\n<meta name=\"twitter:card\" content=\"summary_large_image\" \/>\n<script type=\"application\/ld+json\" class=\"yoast-schema-graph\">{\"@context\":\"https:\\\/\\\/schema.org\",\"@graph\":[{\"@type\":\"WebPage\",\"@id\":\"https:\\\/\\\/oregsam.hu\\\/de\\\/impresszum\\\/\",\"url\":\"https:\\\/\\\/oregsam.hu\\\/de\\\/impresszum\\\/\",\"name\":\"Impresszum - \u00d6regsam \u00c9tterem\",\"isPartOf\":{\"@id\":\"https:\\\/\\\/oregsam.hu\\\/#website\"},\"datePublished\":\"2017-06-21T08:22:47+00:00\",\"dateModified\":\"2023-03-22T12:33:03+00:00\",\"breadcrumb\":{\"@id\":\"https:\\\/\\\/oregsam.hu\\\/de\\\/impresszum\\\/#breadcrumb\"},\"inLanguage\":\"de\",\"potentialAction\":[{\"@type\":\"ReadAction\",\"target\":[\"https:\\\/\\\/oregsam.hu\\\/de\\\/impresszum\\\/\"]}]},{\"@type\":\"BreadcrumbList\",\"@id\":\"https:\\\/\\\/oregsam.hu\\\/de\\\/impresszum\\\/#breadcrumb\",\"itemListElement\":[{\"@type\":\"ListItem\",\"position\":1,\"name\":\"Home\",\"item\":\"https:\\\/\\\/oregsam.hu\\\/de\\\/\"},{\"@type\":\"ListItem\",\"position\":2,\"name\":\"Impresszum\"}]},{\"@type\":\"WebSite\",\"@id\":\"https:\\\/\\\/oregsam.hu\\\/#website\",\"url\":\"https:\\\/\\\/oregsam.hu\\\/\",\"name\":\"\u00d6regsam \u00c9tterem\",\"description\":\"\",\"potentialAction\":[{\"@type\":\"SearchAction\",\"target\":{\"@type\":\"EntryPoint\",\"urlTemplate\":\"https:\\\/\\\/oregsam.hu\\\/?s={search_term_string}\"},\"query-input\":{\"@type\":\"PropertyValueSpecification\",\"valueRequired\":true,\"valueName\":\"search_term_string\"}}],\"inLanguage\":\"de\"}]}<\/script>\n<!-- \/ Yoast SEO plugin. -->","yoast_head_json":{"title":"Impresszum - \u00d6regsam \u00c9tterem","robots":{"index":"index","follow":"follow","max-snippet":"max-snippet:-1","max-image-preview":"max-image-preview:large","max-video-preview":"max-video-preview:-1"},"canonical":"https:\/\/oregsam.hu\/de\/impresszum\/","og_locale":"de_DE","og_type":"article","og_title":"Impresszum - \u00d6regsam \u00c9tterem","og_description":"\u00d6reg Sam \u00e9tterem \u00dczemeltet\u0151: Old Eye Kft. El\u00e9rhet\u0151s\u00e9geink, adatok: Sz\u00e9khely: 9700 Szombathely, Gagarin u. 14. Ad\u00f3sz\u00e1m: 25743115-2-18 C\u00e9gjegyz\u00e9ksz\u00e1m: 18-09-113004 Vezetve a Szombathelyi T\u00f6rv\u00e9nysz\u00e9k C\u00e9gb\u00edr\u00f3s\u00e1ga nyilv\u00e1ntart\u00e1s\u00e1ban. (9700 Szombathely, Pet\u0151fi S. u. 1\/a., Tel.: +36 21 2000 587, E-mail c\u00edm:\u00a0birosag@vas-birosag.hu Telefonsz\u00e1m:\u00a0+36 20 400 5000 Webc\u00edm: https:\/\/oregsam.hu\/ E-mail c\u00edm:\u00a0info@oregsam.hu","og_url":"https:\/\/oregsam.hu\/de\/impresszum\/","og_site_name":"\u00d6regsam \u00c9tterem","article_modified_time":"2023-03-22T12:33:03+00:00","twitter_card":"summary_large_image","schema":{"@context":"https:\/\/schema.org","@graph":[{"@type":"WebPage","@id":"https:\/\/oregsam.hu\/de\/impresszum\/","url":"https:\/\/oregsam.hu\/de\/impresszum\/","name":"Impresszum - \u00d6regsam \u00c9tterem","isPartOf":{"@id":"https:\/\/oregsam.hu\/#website"},"datePublished":"2017-06-21T08:22:47+00:00","dateModified":"2023-03-22T12:33:03+00:00","breadcrumb":{"@id":"https:\/\/oregsam.hu\/de\/impresszum\/#breadcrumb"},"inLanguage":"de","potentialAction":[{"@type":"ReadAction","target":["https:\/\/oregsam.hu\/de\/impresszum\/"]}]},{"@type":"BreadcrumbList","@id":"https:\/\/oregsam.hu\/de\/impresszum\/#breadcrumb","itemListElement":[{"@type":"ListItem","position":1,"name":"Home","item":"https:\/\/oregsam.hu\/de\/"},{"@type":"ListItem","position":2,"name":"Impresszum"}]},{"@type":"WebSite","@id":"https:\/\/oregsam.hu\/#website","url":"https:\/\/oregsam.hu\/","name":"\u00d6regsam \u00c9tterem","description":"","potentialAction":[{"@type":"SearchAction","target":{"@type":"EntryPoint","urlTemplate":"https:\/\/oregsam.hu\/?s={search_term_string}"},"query-input":{"@type":"PropertyValueSpecification","valueRequired":true,"valueName":"search_term_string"}}],"inLanguage":"de"}]}},"_links":{"self":[{"href":"https:\/\/oregsam.hu\/de\/wp-json\/wp\/v2\/pages\/82958","targetHints":{"allow":["GET"]}}],"collection":[{"href":"https:\/\/oregsam.hu\/de\/wp-json\/wp\/v2\/pages"}],"about":[{"href":"https:\/\/oregsam.hu\/de\/wp-json\/wp\/v2\/types\/page"}],"author":[{"embeddable":true,"href":"https:\/\/oregsam.hu\/de\/wp-json\/wp\/v2\/users\/3"}],"replies":[{"embeddable":true,"href":"https:\/\/oregsam.hu\/de\/wp-json\/wp\/v2\/comments?post=82958"}],"version-history":[{"count":1,"href":"https:\/\/oregsam.hu\/de\/wp-json\/wp\/v2\/pages\/82958\/revisions"}],"predecessor-version":[{"id":83788,"href":"https:\/\/oregsam.hu\/de\/wp-json\/wp\/v2\/pages\/82958\/revisions\/83788"}],"wp:attachment":[{"href":"https:\/\/oregsam.hu\/de\/wp-json\/wp\/v2\/media?parent=82958"}],"curies":[{"name":"wp","href":"https:\/\/api.w.org\/{rel}","templated":true}]}}